{"id":2689,"date":"2021-03-09T15:30:27","date_gmt":"2021-03-09T15:30:27","guid":{"rendered":"https:\/\/pharmacare.qodeinteractive.com\/?page_id=2689"},"modified":"2021-08-31T10:34:45","modified_gmt":"2021-08-31T10:34:45","slug":"contact-us","status":"publish","type":"page","link":"https:\/\/farmasantambrogio.it\/?page_id=2689","title":{"rendered":"Contatti"},"content":{"rendered":"\t\t<div data-elementor-type=\"wp-page\" data-elementor-id=\"2689\" class=\"elementor elementor-2689\" data-elementor-settings=\"[]\">\n\t\t\t\t\t\t\t<div class=\"elementor-section-wrap\">\n\t\t\t\t\t\t\t<section class=\"elementor-section elementor-top-section elementor-element elementor-element-7803a59 elementor-section-full_width qodef-elementor-content-grid elementor-section-height-default elementor-section-height-default\" data-id=\"7803a59\" data-element_type=\"section\">\n\t\t\t\t\t\t<div class=\"elementor-container elementor-column-gap-default\">\n\t\t\t\t\t<div class=\"elementor-column elementor-col-100 elementor-top-column elementor-element elementor-element-899abbd\" data-id=\"899abbd\" data-element_type=\"column\">\n\t\t\t<div class=\"elementor-widget-wrap elementor-element-populated\">\n\t\t\t\t\t\t\t\t<div class=\"elementor-element elementor-element-ffc2041 elementor-widget elementor-widget-pharmacare_core_google_map\" data-id=\"ffc2041\" data-element_type=\"widget\" data-widget_type=\"pharmacare_core_google_map.default\">\n\t\t\t\t<div class=\"elementor-widget-container\">\n\t\t\t<div class=\"qodef-shortcode qodef-m  qodef-google-map\">\n\t<div class=\"qodef-m-map\" id=\"qodef-map-id--655\" data-addresses='[\"Friedrichstra\u00dfe 43-45, 10117 Berlin, Germany\"]' data-pin=https:\/\/farmasantambrogio.it\/wp-content\/plugins\/pharmacare-core\/inc\/maps\/assets\/img\/pin.png data-unique-id=655 data-height=490><\/div>\n<\/div>\n\t\t<\/div>\n\t\t\t\t<\/div>\n\t\t\t\t\t<\/div>\n\t\t<\/div>\n\t\t\t\t\t\t\t<\/div>\n\t\t<\/section>\n\t\t\t\t<section class=\"elementor-section elementor-top-section elementor-element elementor-element-6e9d86b elementor-section-full_width qodef-elementor-content-grid elementor-section-height-default elementor-section-height-default\" data-id=\"6e9d86b\" data-element_type=\"section\">\n\t\t\t\t\t\t<div class=\"elementor-container elementor-column-gap-default\">\n\t\t\t\t\t<div class=\"elementor-column elementor-col-50 elementor-top-column elementor-element elementor-element-02ed46f\" data-id=\"02ed46f\" data-element_type=\"column\">\n\t\t\t<div class=\"elementor-widget-wrap elementor-element-populated\">\n\t\t\t\t\t\t\t\t<div class=\"elementor-element elementor-element-d819459 elementor-widget elementor-widget-pharmacare_core_section_title\" data-id=\"d819459\" data-element_type=\"widget\" data-widget_type=\"pharmacare_core_section_title.default\">\n\t\t\t\t<div class=\"elementor-widget-container\">\n\t\t\t<div class=\"qodef-shortcode qodef-m  qodef-section-title  qodef-alignment--left  qodef-appear-animation--enabled\">\n\t\t<h4 class=\"qodef-m-title\" >\n\t\t\t\t\tContatti\t\t\t<\/h4>\n\t\t<p class=\"qodef-m-text\" >Contattaci con un solo click per qualsiasi necessit\u00e0. \nTi risponderemo nel pi\u00f9 breve tempo possibile.\n<\/p>\n<\/div>\t\t<\/div>\n\t\t\t\t<\/div>\n\t\t\t\t<div class=\"elementor-element elementor-element-0af12a6 elementor-widget elementor-widget-wp-widget-pharmacare_core_contact_form_7\" data-id=\"0af12a6\" data-element_type=\"widget\" data-widget_type=\"wp-widget-pharmacare_core_contact_form_7.default\">\n\t\t\t\t<div class=\"elementor-widget-container\">\n\t\t\t\t\t\t<div class=\"qodef-contact-form-7\">\n\t\t\t\t<div role=\"form\" class=\"wpcf7\" id=\"wpcf7-f2665-o1\" lang=\"en-US\" dir=\"ltr\">\n<div class=\"screen-reader-response\"><p role=\"status\" aria-live=\"polite\" aria-atomic=\"true\"><\/p> <ul><\/ul><\/div>\n<form action=\"\/index.php?rest_route=%2Fwp%2Fv2%2Fpages%2F2689#wpcf7-f2665-o1\" method=\"post\" class=\"wpcf7-form init\" novalidate=\"novalidate\" data-status=\"init\">\n<div style=\"display: none;\">\n<input type=\"hidden\" name=\"_wpcf7\" value=\"2665\" \/>\n<input type=\"hidden\" name=\"_wpcf7_version\" value=\"5.4.2\" \/>\n<input type=\"hidden\" name=\"_wpcf7_locale\" value=\"en_US\" \/>\n<input type=\"hidden\" name=\"_wpcf7_unit_tag\" value=\"wpcf7-f2665-o1\" \/>\n<input type=\"hidden\" name=\"_wpcf7_container_post\" value=\"0\" \/>\n<input type=\"hidden\" name=\"_wpcf7_posted_data_hash\" value=\"\" \/>\n<\/div>\n<div class=\"custom-contact\">\n<div class=\"one_columns_100\"><label>Name <span class=\"qodef-green\">*<\/span> <span class=\"wpcf7-form-control-wrap your-name\"><input type=\"text\" name=\"your-name\" value=\"\" size=\"40\" class=\"wpcf7-form-control wpcf7-text wpcf7-validates-as-required\" aria-required=\"true\" aria-invalid=\"false\" \/><\/span><\/label><label>Email <span class=\"qodef-green\">*<\/span> <span class=\"wpcf7-form-control-wrap your-email\"><input type=\"email\" name=\"your-email\" value=\"\" size=\"40\" class=\"wpcf7-form-control wpcf7-text wpcf7-email wpcf7-validates-as-required wpcf7-validates-as-email\" aria-required=\"true\" aria-invalid=\"false\" \/><\/span><\/label><\/div>\n<div class=\"qodef-question\"><label> Comment<span class=\"qodef-green\">*<\/span> <span class=\"wpcf7-form-control-wrap your-message\"><textarea name=\"your-message\" cols=\"40\" rows=\"5\" class=\"wpcf7-form-control wpcf7-textarea\" aria-invalid=\"false\"><\/textarea><\/span> <\/label><button type=\"submit\" class=\"wpcf7-form-control wpcf7-submit qodef-button qodef-size--normal qodef-type--filled qodef-m\"><span class=\"qodef-m-text\">submit comment<\/span><\/button><\/div>\n<\/div>\n<div class=\"wpcf7-response-output\" aria-hidden=\"true\"><\/div><\/form><\/div>\t\t\t<\/div>\n\t\t\t\t\t<\/div>\n\t\t\t\t<\/div>\n\t\t\t\t\t<\/div>\n\t\t<\/div>\n\t\t\t\t<div class=\"elementor-column elementor-col-50 elementor-top-column elementor-element elementor-element-3dbda8a\" data-id=\"3dbda8a\" data-element_type=\"column\">\n\t\t\t<div class=\"elementor-widget-wrap elementor-element-populated\">\n\t\t\t\t\t\t\t\t<section class=\"elementor-section elementor-inner-section elementor-element elementor-element-b5a4f47 qodef-border-bottom elementor-section-boxed elementor-section-height-default elementor-section-height-default qodef-elementor-content-no\" data-id=\"b5a4f47\" data-element_type=\"section\">\n\t\t\t\t\t\t<div class=\"elementor-container elementor-column-gap-default\">\n\t\t\t\t\t<div class=\"elementor-column elementor-col-50 elementor-inner-column elementor-element elementor-element-e5d0433 qodef-border-right\" data-id=\"e5d0433\" data-element_type=\"column\">\n\t\t\t<div class=\"elementor-widget-wrap elementor-element-populated\">\n\t\t\t\t\t\t\t\t<div class=\"elementor-element elementor-element-b61523c elementor-widget elementor-widget-image\" data-id=\"b61523c\" data-element_type=\"widget\" data-widget_type=\"image.default\">\n\t\t\t\t<div class=\"elementor-widget-container\">\n\t\t\t\t\t\t\t\t\t\t\t\t\t\t\t<img decoding=\"async\" src=\"https:\/\/farmasantambrogio.it\/wp-content\/uploads\/elementor\/thumbs\/unnamed-3-pcf6ncvj3eia7o5oqf3q53a9707zum25uaujsvon9s.jpg\" title=\"unnamed (3)\" alt=\"unnamed (3)\" \/>\t\t\t\t\t\t\t\t\t\t\t\t\t\t\t<\/div>\n\t\t\t\t<\/div>\n\t\t\t\t\t<\/div>\n\t\t<\/div>\n\t\t\t\t<div class=\"elementor-column elementor-col-50 elementor-inner-column elementor-element elementor-element-cf96033\" data-id=\"cf96033\" data-element_type=\"column\">\n\t\t\t<div class=\"elementor-widget-wrap elementor-element-populated\">\n\t\t\t\t\t\t\t\t<div class=\"elementor-element elementor-element-9f78497 elementor-widget elementor-widget-pharmacare_core_working_hours_list\" data-id=\"9f78497\" data-element_type=\"widget\" data-widget_type=\"pharmacare_core_working_hours_list.default\">\n\t\t\t\t<div class=\"elementor-widget-container\">\n\t\t\t<div class=\"qodef-shortcode qodef-m  qodef-working-hours-list qodef-layout--simple\">\n\t<div class=\"qodef-working-hours-list-inner\">\n\t\t<div class=\"qodef-e-item-location\">\n\t\t\t<h5 class=\"qodef-e-location\">Dove Siamo <\/h5>\n\t\t<\/div>\n\t\t<div class=\"qodef-e-working-hours\">\n\t\t\t\t\t\t\t<div class=\"qodef-hours-item\">\n\t\t\t\t\t\t\t\t\t\t\t\t\t\t\t\t<\/div>\n\t\t\t\t\t\t\t<div class=\"qodef-hours-item\">\n\t\t\t\t\t\t\t\t\t\t\t\t\t<p class=\"qodef-days\">.<\/p>\n\t\t\t\t\t\t\t\t\t\t\t\t\t\t\t\t<\/div>\n\t\t\t\t\t<\/div>\n\t\t<div class=\"qodef-e-item-address\">\n\t\t\t<a class=\"qodef-address-holder\" itemprop=\"url\" href=\"https:\/\/www.google.com\/maps\/place\/Farmacia+Sant&#039;Ambrogio+Srl\/@45.6889534,9.1887576,15z\/data=!4m5!3m4!1s0x0:0x4d610c0fd9ac56e0!8m2!3d45.6889577!4d9.1887478\" target=\"_blank\"><p class=\"qodef-e-address1\"> Via Papa Giovanni XXIII, 44 <\/p><\/a>\n\t\t\t<a class=\"qodef-address-holder\" itemprop=\"url\" href=\"https:\/\/www.google.com\/maps\/place\/Farmacia+Sant&#039;Ambrogio+Srl\/@45.6889534,9.1887576,15z\/data=!4m5!3m4!1s0x0:0x4d610c0fd9ac56e0!8m2!3d45.6889577!4d9.1887478\" target=\"_blank\"><p class=\"qodef-e-address2\">Mariano Comense (CO) <\/p><\/a>\n\t\t<\/div>\n\t<\/div>\n<\/div>\t\t<\/div>\n\t\t\t\t<\/div>\n\t\t\t\t\t<\/div>\n\t\t<\/div>\n\t\t\t\t\t\t\t<\/div>\n\t\t<\/section>\n\t\t\t\t<section class=\"elementor-section elementor-inner-section elementor-element elementor-element-2985f33 qodef-border-bottom elementor-section-boxed elementor-section-height-default elementor-section-height-default qodef-elementor-content-no\" data-id=\"2985f33\" data-element_type=\"section\">\n\t\t\t\t\t\t<div class=\"elementor-container elementor-column-gap-default\">\n\t\t\t\t\t<div class=\"elementor-column elementor-col-50 elementor-inner-column elementor-element elementor-element-1669910 qodef-border-right\" data-id=\"1669910\" data-element_type=\"column\">\n\t\t\t<div class=\"elementor-widget-wrap elementor-element-populated\">\n\t\t\t\t\t\t\t\t<div class=\"elementor-element elementor-element-fed27b8 elementor-widget elementor-widget-pharmacare_core_working_hours_list\" data-id=\"fed27b8\" data-element_type=\"widget\" data-widget_type=\"pharmacare_core_working_hours_list.default\">\n\t\t\t\t<div class=\"elementor-widget-container\">\n\t\t\t<div class=\"qodef-shortcode qodef-m  qodef-working-hours-list qodef-layout--simple\">\n\t<div class=\"qodef-working-hours-list-inner\">\n\t\t<div class=\"qodef-e-item-location\">\n\t\t\t<h5 class=\"qodef-e-location\">Orario <\/h5>\n\t\t<\/div>\n\t\t<div class=\"qodef-e-working-hours\">\n\t\t\t\t\t\t\t<div class=\"qodef-hours-item\">\n\t\t\t\t\t\t\t\t\t\t\t\t\t<p class=\"qodef-days\">Dal Luned\u00ec  al Venerd\u00ec<\/p>\n\t\t\t\t\t\t\t\t\t\t\t\t\t\t\t\t\t\t\t<p class=\"qodef-hours\">8.30-12.30  | 15.00-19.30<\/p>\n\t\t\t\t\t\t\t\t\t\t<\/div>\n\t\t\t\t\t\t\t<div class=\"qodef-hours-item\">\n\t\t\t\t\t\t\t\t\t\t\t\t\t<p class=\"qodef-days\">Sabato<\/p>\n\t\t\t\t\t\t\t\t\t\t\t\t\t\t\t\t\t\t\t<p class=\"qodef-hours\">9.00-13.00  | 15.00-19.00<\/p>\n\t\t\t\t\t\t\t\t\t\t<\/div>\n\t\t\t\t\t\t\t<div class=\"qodef-hours-item\">\n\t\t\t\t\t\t\t\t\t\t\t\t\t<p class=\"qodef-days\">Domenica - Chiuso<\/p>\n\t\t\t\t\t\t\t\t\t\t\t\t\t\t\t\t<\/div>\n\t\t\t\t\t<\/div>\n\t\t<div class=\"qodef-e-item-address\">\n\t\t\t<a class=\"qodef-address-holder\" itemprop=\"url\" href=\"\" target=\"_blank\"><p class=\"qodef-e-address1\"> <\/p><\/a>\n\t\t\t<a class=\"qodef-address-holder\" itemprop=\"url\" href=\"\" target=\"_blank\"><p class=\"qodef-e-address2\"> <\/p><\/a>\n\t\t<\/div>\n\t<\/div>\n<\/div>\t\t<\/div>\n\t\t\t\t<\/div>\n\t\t\t\t\t<\/div>\n\t\t<\/div>\n\t\t\t\t<div class=\"elementor-column elementor-col-50 elementor-inner-column elementor-element elementor-element-7e1b112\" data-id=\"7e1b112\" data-element_type=\"column\">\n\t\t\t<div class=\"elementor-widget-wrap elementor-element-populated\">\n\t\t\t\t\t\t\t\t<div class=\"elementor-element elementor-element-bfff347 elementor-widget elementor-widget-pharmacare_core_working_hours_list\" data-id=\"bfff347\" data-element_type=\"widget\" data-widget_type=\"pharmacare_core_working_hours_list.default\">\n\t\t\t\t<div class=\"elementor-widget-container\">\n\t\t\t<div class=\"qodef-shortcode qodef-m  qodef-working-hours-list qodef-layout--simple\">\n\t<div class=\"qodef-working-hours-list-inner\">\n\t\t<div class=\"qodef-e-item-location\">\n\t\t\t<h5 class=\"qodef-e-location\">Contatti <\/h5>\n\t\t<\/div>\n\t\t<div class=\"qodef-e-working-hours\">\n\t\t\t\t\t\t\t<div class=\"qodef-hours-item\">\n\t\t\t\t\t\t\t\t\t\t\t\t\t<p class=\"qodef-days\">.<\/p>\n\t\t\t\t\t\t\t\t\t\t\t\t\t\t\t\t<\/div>\n\t\t\t\t\t<\/div>\n\t\t<div class=\"qodef-e-item-address\">\n\t\t\t<a class=\"qodef-address-holder\" itemprop=\"url\" href=\"mailto:%20farmsantambrogiosrl@gmail.com\" target=\"_blank\"><p class=\"qodef-e-address1\"> farmsantambrogiosrl@gmail.com <\/p><\/a>\n\t\t\t<a class=\"qodef-address-holder\" itemprop=\"url\" href=\"\" target=\"_blank\"><p class=\"qodef-e-address2\">Tel. 031 226 9344 <\/p><\/a>\n\t\t<\/div>\n\t<\/div>\n<\/div>\t\t<\/div>\n\t\t\t\t<\/div>\n\t\t\t\t\t<\/div>\n\t\t<\/div>\n\t\t\t\t\t\t\t<\/div>\n\t\t<\/section>\n\t\t\t\t\t<\/div>\n\t\t<\/div>\n\t\t\t\t\t\t\t<\/div>\n\t\t<\/section>\n\t\t\t\t\t\t<\/div>\n\t\t\t\t\t<\/div>\n\t\t","protected":false},"excerpt":{"rendered":"<p>Contatti Contattaci con un solo click per qualsiasi necessit\u00e0. Ti risponderemo nel pi\u00f9 breve tempo possibile. Dove Siamo . Via Papa Giovanni XXIII, 44 Mariano Comense (CO) Orario Dal Luned\u00ec al Venerd\u00ec 8.30-12.30 | 15.00-19.30 Sabato 9.00-13.00 | 15.00-19.00 Domenica &#8211; Chiuso Contatti . farmsantambrogiosrl@gmail.com Tel. 031 226 9344<\/p>\n","protected":false},"author":1,"featured_media":0,"parent":0,"menu_order":0,"comment_status":"closed","ping_status":"closed","template":"page-full-width.php","meta":{"footnotes":""},"class_list":["post-2689","page","type-page","status-publish","hentry"],"_links":{"self":[{"href":"https:\/\/farmasantambrogio.it\/index.php?rest_route=\/wp\/v2\/pages\/2689","targetHints":{"allow":["GET"]}}],"collection":[{"href":"https:\/\/farmasantambrogio.it\/index.php?rest_route=\/wp\/v2\/pages"}],"about":[{"href":"https:\/\/farmasantambrogio.it\/index.php?rest_route=\/wp\/v2\/types\/page"}],"author":[{"embeddable":true,"href":"https:\/\/farmasantambrogio.it\/index.php?rest_route=\/wp\/v2\/users\/1"}],"replies":[{"embeddable":true,"href":"https:\/\/farmasantambrogio.it\/index.php?rest_route=%2Fwp%2Fv2%2Fcomments&post=2689"}],"version-history":[{"count":4,"href":"https:\/\/farmasantambrogio.it\/index.php?rest_route=\/wp\/v2\/pages\/2689\/revisions"}],"predecessor-version":[{"id":7902,"href":"https:\/\/farmasantambrogio.it\/index.php?rest_route=\/wp\/v2\/pages\/2689\/revisions\/7902"}],"wp:attachment":[{"href":"https:\/\/farmasantambrogio.it\/index.php?rest_route=%2Fwp%2Fv2%2Fmedia&parent=2689"}],"curies":[{"name":"wp","href":"https:\/\/api.w.org\/{rel}","templated":true}]}}